{"id":7,"date":"2018-02-21T22:48:51","date_gmt":"2018-02-21T21:48:51","guid":{"rendered":"http:\/\/renaissanceartsetmetiers.org\/?page_id=7"},"modified":"2024-10-17T00:12:25","modified_gmt":"2024-10-16T22:12:25","slug":"accueil","status":"publish","type":"page","link":"https:\/\/renaissanceartsetmetiers.org\/","title":{"rendered":"Les rues Sainte Apolline, Blondel, Meslay, Saint-Martin en\u00a0r\u00e9habilitation"},"content":{"rendered":"<blockquote lang=\"fr-FR\">\n<blockquote lang=\"zxx\">\n<p>Nous sommes une association regroupant des habitants et commer\u00e7ants des rues Sainte Apolline, Blondel, Meslay, Saint-Martin, Notre-Dame-de-Nazareth et des boulevards Saint-Martin, Saint-Denis et Bonne Nouvelle dans le cadre du conseil de quartier Sentier-Arts et M\u00e9tiers. Nous regroupons les copropri\u00e9taires, les locataires et les g\u00e9rants de baux commerciaux des immeubles suivants:<\/p>\n<\/blockquote>\n<\/blockquote>\n<blockquote lang=\"fr-FR\">\n<blockquote lang=\"zxx\">\n<p>1 et 3, 5, 6, 7 et 9 rue Sainte Apolline<\/p>\n<\/blockquote>\n<blockquote lang=\"zxx\">\n<p>2, 3, 5, 6 rue Blondel<\/p>\n<\/blockquote>\n<blockquote lang=\"zxx\">\n<p>32, 57 et 69 rue Meslay<\/p>\n<\/blockquote>\n<blockquote lang=\"zxx\">\n<p>324, 330 et 359 rue Saint-Martin<\/p>\n<\/blockquote>\n<blockquote lang=\"zxx\">\n<p>30 rue Notre-Dame-de-Nazareth<\/p>\n<\/blockquote>\n<blockquote lang=\"zxx\">\n<p>5 boulevard Saint-Martin<\/p>\n<p>21-23 boulevard de Bonne Nouvelle<\/p>\n<\/blockquote>\n<\/blockquote>\n<blockquote lang=\"fr-FR\">\n<blockquote lang=\"zxx\">\n<p>Depuis 2015 des salons de coiffure probl\u00e9matiques, des boutiques de cosm\u00e9tiques, des restaurants, des \u00e9piceries se sont install\u00e9s en trop grand nombre dans nos rues, cr\u00e9ant un probl\u00e8me de voisinage : nuisances sonores et trop peu de mixit\u00e9 parmi les passants. Il n&#8217;est pas normal que des groupes d&#8217;individus s&#8217;agglutinent dans nos rues au point de provoquer des nuisances sonores et des troubles \u00e0 l&#8217;ordre public inhabituels dans notre quartier jusqu&#8217;alors tranquille.<\/p>\n<\/blockquote>\n<\/blockquote>\n<p lang=\"fr-FR\" align=\"JUSTIFY\">Paris, la ville lumi\u00e8res, est destin\u00e9e \u00e0 accueillir toutes les cultures et \u00e0 les faire cohabiter et non pas se juxtaposer en les laissant s&#8217;emparer de portions enti\u00e8res de rues. Il s&#8217;agit de composer une mosa\u00efque culturelle et non pas de laisser s&#8217;installer des zones de non droit.<\/p>\n<blockquote lang=\"fr-FR\">\n<p>Ce blog est destin\u00e9 \u00e0 faire r\u00e9agir plus sp\u00e9cifiquement les habitants de notre quartier afin de pouvoir agir ensemble et proposer aux propri\u00e9taires des locaux commerciaux, des commer\u00e7ants respectant le droit du travail et de veiller \u00e0 un bon \u00e9quilibre entre les commerces\u00a0 repr\u00e9sent\u00e9s.<\/p>\n<\/blockquote>\n<p lang=\"zxx\" align=\"JUSTIFY\">Il n&#8217;est pas normal que la coiffure et la cosm\u00e9tique soient sur-repr\u00e9sent\u00e9es dans les boutiques qui ont ouvert rues Sainte Apolline, Blondel, Meslay, Saint-Martin, Vertbois, Notre-Dame-de-Nazareth, boulevards Saint-Martin, Saint-Denis et Bonne Nouvelle\u00a0 depuis 2015.\u00a0 Les g\u00e9rants probl\u00e9matiques de ces boutiques pratiquent la m\u00eame gestion que sur le boulevard de Strasbourg autour de Ch\u00e2teau d&#8217;Eau. La CGT soutient la lutte des travailleurs sans papier des salons de coiffure du boulevard de Strasbourg et de la rue du Ch\u00e2teau d&#8217;Eau qui se sont mis en gr\u00e8ve pour obtenir de meilleures conditions de travail. Un climat d&#8217;intimidation est instaur\u00e9 par les g\u00e9rants de ces salons de coiffure, n&#8217;h\u00e9sitant pas \u00e0 menacer leurs \u00ab employ\u00e9s \u00bb qui demandent une augmentation de les d\u00e9noncer \u00e0 la police. La sp\u00e9cialisation en coiffure et cosm\u00e9tique de trop de boutiques c\u00f4te \u00e0 c\u00f4te fait que la concurrence est rude et le recours aux rabatteurs qui s&#8217;installent \u00e0 la bouche de m\u00e9tro Strasbourg St Denis est syst\u00e9matique.<\/p>\n<blockquote lang=\"fr-FR\">\n<p>Ce sont ces m\u00eames rabatteurs, issus des populations r\u00e9cemment arriv\u00e9es par bateau et forc\u00e9ment sans papiers, qui font le plus de bruit en soir\u00e9e sous nos fen\u00eatres, quand ils boivent le peu d&#8217;argent gagn\u00e9 en se rassemblant pour crier au lieu de parler, rire \u00e0 tue t\u00eate, se quereller en hurlant, pisser contre les devantures. Un climat d&#8217;ins\u00e9curit\u00e9 se d\u00e9veloppe au fur et \u00e0 mesure que ces rabatteurs prennent le contr\u00f4le de nos rues et y d\u00e9veloppent leur trafic annexe Il n&#8217;y a pas loin pour que se produise ce qui arrive sur le boulevard de Strasbourg aux alentours de la rue du Ch\u00e2teau d&#8217;Eau, \u00e0 savoir que les habitants ont des probl\u00e8mes pour se d\u00e9placer dans leurs halls d&#8217;immeubles o\u00f9 s&#8217;installent aussi les rabatteurs qui n&#8217;aiment pas \u00eatre d\u00e9rang\u00e9s dans leurs trafics. <em>Voir la p\u00e9tition p<\/em>our la r\u00e9habilitation du boulevard de Strasbourg et du quartier Ch\u00e2teau d&#8217;Eau, Paris X\u00e8 : <span style=\"color: #000080;\"><span lang=\"zxx\"><u><a href=\"http:\/\/chng.it\/4hbSds2KwQ\">http:\/\/chng.it\/4hbSds2KwQ<\/a><\/u><\/span><\/span><\/p>\n<\/blockquote>\n<p lang=\"fr-FR\" align=\"JUSTIFY\">Nous pr\u00e9conisons une action \u00e9nergique des pouvoirs publics pour:<\/p>\n<ol>\n<li>\n<p lang=\"fr-FR\" align=\"JUSTIFY\">emp\u00eacher que les rabatteurs n&#8217;accaparent nos rues comme si c&#8217;\u00e9tait leur territoire en faisant appel \u00e0 la police. Nous avons obtenu l&#8217;installation d&#8217;une cam\u00e9ra de vid\u00e9oprotection au coin des rues Sainte Apolline et Saint-Martin, lieu de rassemblement de pr\u00e9dilection des rabatteurs. Une autre cam\u00e9ra de vid\u00e9oprotection a \u00e9t\u00e9 install\u00e9e d\u00e9but 2024 au 37 rue Meslay. Il faut \u00e0 pr\u00e9sent obtenir six rondes de police par jour et en soir\u00e9e.<\/p>\n<\/li>\n<li>contr\u00f4ler ces salons de coiffure, ces boutiques de cosm\u00e9tiques, ces restaurants, ces \u00e9piceries et v\u00e9rifier si leurs g\u00e9rants sont en conformit\u00e9 avec les r\u00e8gles sanitaires, les imp\u00f4ts, la l\u00e9gislation du travail, l&#8217;URSSAF au risque de les forcer \u00e0 fermer si ce n&#8217;est pas le cas et de supprimer ainsi la pratique des rabatteurs,<\/li>\n<\/ol>\n<p lang=\"fr-FR\" align=\"JUSTIFY\">3. proposer aux propri\u00e9taires des baux commerciaux des commer\u00e7ants correspondant \u00e0 nos crit\u00e8res de telle sorte qu&#8217;il y ait une vari\u00e9t\u00e9 dans les types de commerce. Pour ce faire, la meilleure mani\u00e8re d&#8217;agir est de nous identifier et de sensibiliser les conseils syndicaux et les syndics dans chaque immeuble des rues Sainte Apolline, Blondel, Meslay, Saint-Martin, Vertbois, Notre-Dame-de-Nazareth et des boulevards Saint-Martin, Saint-Denis et Bonne Nouvelle, afin que les propri\u00e9taires des locaux commerciaux prennent l&#8217;avis des autres copropri\u00e9taires et refusent de louer aux g\u00e9rants probl\u00e9matiques des salons de coiffure, des boutiques de cosm\u00e9tiques, des restaurants et des \u00e9piceries <span lang=\"zxx\">qui ne respectent pas les lois fran\u00e7aises (pas de cotisations URSSAF vers\u00e9es, pas de TVA pay\u00e9e, pas d&#8217;imp\u00f4t sur les soci\u00e9t\u00e9s acquitt\u00e9, aucune prise en compte des r\u00e8gles sanitaires) et sont fortement soup\u00e7onn\u00e9s de payer leurs loyers en liquide (ce qui est aussi ill\u00e9gal), provoquant les nuisances sonores, l&#8217;ins\u00e9curit\u00e9 et le danger que l&#8217;on connait et dont nous souffrons au point de ne plus pouvoir supporter une telle situation.<\/span><\/p>\n<p lang=\"fr-FR\" align=\"JUSTIFY\">A l&#8217;occasion d&#8217;un changement de locataires de ces baux commerciaux, la mairie de Paris Centre devrait \u00eatre pr\u00eate \u00e0 nous aider en proposant d&#8217;autres g\u00e9rants aux propri\u00e9taires des locaux commerciaux et participer ainsi \u00e0 la remise \u00e0 niveau de nos rues en termes de commerces de proximit\u00e9 et de n\u00e9goces l\u00e9gaux.<\/p>\n<p align=\"JUSTIFY\">4. r<span lang=\"fr-FR\">evitaliser notre quartier en r\u00e9am\u00e9nageant la rue Saint-Martin sur son tron\u00e7on entre le boulevard Saint-Denis et la rue R\u00e9aumur. L\u2019espace ainsi r\u00e9organis\u00e9 augmentera la place d\u00e9di\u00e9e aux pi\u00e9tons et aux cyclistes et permettra \u00e9galement l\u2019installation de jardini\u00e8res ou la plantation d\u2019arbres. La circulation dans la rue pourra \u00eatre mod\u00e9r\u00e9e gr\u00e2ce \u00e0 une mise en zone 30. <br \/><\/span><\/p>\n<p lang=\"zxx\" align=\"JUSTIFY\">5. obtenir de l&#8217;aide de la mairie de Paris Centre pour des soutiens et subventions \u00e0 des animations de quartier propices au d\u00e9veloppement du commerce de proximit\u00e9 (par exemple lors de la f\u00eate annuelle du quartier,\u00a0 kermesses, etc&#8230;).<\/p>\n<p lang=\"zxx\">Signez notre p\u00e9tition: <a href=\"http:\/\/chng.it\/xczWrL8cjv\">http:\/\/chng.it\/xczWrL8cjv<\/a><\/p>\n<p><span style=\"color: #000080;\"><span lang=\"zxx\"><span style=\"color: #1c1c1c;\">Suivez nous sur notre compte Twitter<\/span><\/span><\/span><span style=\"color: #000080;\"><span lang=\"zxx\">: <\/span><\/span><span style=\"color: #000080;\"><span lang=\"zxx\"><u>@ARQAMParis3<\/u><\/span><\/span><\/p>\n<p><span style=\"color: #000080;\"><span lang=\"zxx\"><span style=\"color: #000000;\">Contactez nous sur :<\/span><\/span><\/span> <span style=\"color: #000080;\"><span lang=\"zxx\"><u>contact@renaissanceartsetmetiers.org<\/u><\/span><\/span><\/p>\n\n\n<p><\/p>\n","protected":false},"excerpt":{"rendered":"<p>Nous sommes une association regroupant des habitants et commer\u00e7ants des rues Sainte Apolline, Blondel, Meslay, Saint-Martin, Notre-Dame-de-Nazareth et des boulevards Saint-Martin, Saint-Denis et Bonne Nouvelle dans le cadre du conseil de quartier Sentier-Arts et M\u00e9tiers. Nous regroupons les copropri\u00e9taires, les locataires et les g\u00e9rants de baux commerciaux des immeubles suivants: 1 et 3, 5, 6, &hellip; <\/p>\n<p class=\"link-more\"><a href=\"https:\/\/renaissanceartsetmetiers.org\/\" class=\"more-link\">Continue reading<span class=\"screen-reader-text\"> &#8220;Les rues Sainte Apolline, Blondel, Meslay, Saint-Martin en\u00a0r\u00e9habilitation&#8221;<\/span><\/a><\/p>\n","protected":false},"author":1,"featured_media":0,"parent":0,"menu_order":0,"comment_status":"closed","ping_status":"closed","template":"","meta":[],"_links":{"self":[{"href":"https:\/\/renaissanceartsetmetiers.org\/index.php\/wp-json\/wp\/v2\/pages\/7"}],"collection":[{"href":"https:\/\/renaissanceartsetmetiers.org\/index.php\/wp-json\/wp\/v2\/pages"}],"about":[{"href":"https:\/\/renaissanceartsetmetiers.org\/index.php\/wp-json\/wp\/v2\/types\/page"}],"author":[{"embeddable":true,"href":"https:\/\/renaissanceartsetmetiers.org\/index.php\/wp-json\/wp\/v2\/users\/1"}],"replies":[{"embeddable":true,"href":"https:\/\/renaissanceartsetmetiers.org\/index.php\/wp-json\/wp\/v2\/comments?post=7"}],"version-history":[{"count":37,"href":"https:\/\/renaissanceartsetmetiers.org\/index.php\/wp-json\/wp\/v2\/pages\/7\/revisions"}],"predecessor-version":[{"id":1366,"href":"https:\/\/renaissanceartsetmetiers.org\/index.php\/wp-json\/wp\/v2\/pages\/7\/revisions\/1366"}],"wp:attachment":[{"href":"https:\/\/renaissanceartsetmetiers.org\/index.php\/wp-json\/wp\/v2\/media?parent=7"}],"curies":[{"name":"wp","href":"https:\/\/api.w.org\/{rel}","templated":true}]}}